{"id":12,"date":"2025-01-28T22:30:06","date_gmt":"2025-01-28T22:30:06","guid":{"rendered":"https:\/\/bysystems.cl\/?page_id=12"},"modified":"2025-06-29T22:12:19","modified_gmt":"2025-06-29T22:12:19","slug":"reembolso_devoluciones","status":"publish","type":"page","link":"https:\/\/bysystems.cl\/index.php\/reembolso_devoluciones\/","title":{"rendered":"Pol\u00edtica de devoluciones y reembolsos"},"content":{"rendered":"\n<p><strong>Pol\u00edtica de devoluciones y reembolsos<\/strong><\/p>\n\n\n\n<p><strong>Devoluciones<\/strong><br>Nuestra pol\u00edtica para devoluciones dura 10 d\u00edas. Si han pasado 10 d\u00edas desde su compra, lamentablemente no podemos ofrecerle un cambio en su producto.<br><br>Para ser elegible para una devoluci\u00f3n, su art\u00edculo debe estar sin usar y en la misma condici\u00f3n como fue entregado y recibido. Tambi\u00e9n debe estar en el embalaje original y en buen estado.<\/p>\n\n\n\n<p><strong>Reembolsos<\/strong><br>Una vez que se reciba e inspeccione su devoluci\u00f3n, le enviaremos un correo electr\u00f3nico para notificarle que hemos recibido su art\u00edculo devuelto. Tambi\u00e9n le notificaremos la aprobaci\u00f3n o rechazo de su reembolso.<br>De ser aprobada su devoluci\u00f3n, se proceder\u00e1 con una Nota de Cr\u00e9dito correspondiente y se realizara una transferencia electr\u00f3nica, a la cuenta de la empresa de donde se realiz\u00f3 el pago inicial o a los datos de quien realizo el pago en caso de ser una compro con boleta.<\/p>\n\n\n\n<p>Pago realizado por terceros, en este caso, es necesario realizar la validaci\u00f3n tanto del pagador y del titular de la raz\u00f3n social si fue emitida una factura o datos del comprador en caso de una boleta, para esto deber\u00e1n enviar imagen completa de Rut, e-Rut, datos de la cuenta pagador y confirmar esta informaci\u00f3n por correo electr\u00f3nico y autorizando gesti\u00f3n a realizarse.<\/p>\n\n\n\n<p><strong>Art\u00edculos de venta<\/strong><br>Solo se pueden reembolsar los art\u00edculos a precio de lista, los art\u00edculos en oferta o liquidaci\u00f3n, no est\u00e1n sujeto a reembolsos o devoluciones.<\/p>\n\n\n\n<p><strong>Cambios<\/strong><br>Solo reemplazamos los art\u00edculos si est\u00e1n defectuosos o da\u00f1ados de fabricaci\u00f3n. Si necesita cambiarlo por el mismo art\u00edculo, env\u00edenos un correo electr\u00f3nico a&nbsp;<a href=\"mailto:ventas@ramtech.cl\">ventas@bysystems.cl<\/a>&nbsp;indicando N\u00b0 de pedido, Factura o Boleta, para entregarte las instrucciones.<\/p>\n\n\n\n<p><\/p>\n","protected":false},"excerpt":{"rendered":"<p>Pol\u00edtica de devoluciones y reembolsos DevolucionesNuestra pol\u00edtica para devoluciones dura 10 d\u00edas. Si han pasado 10 d\u00edas desde su compra, [&hellip;]<\/p>\n","protected":false},"author":1,"featured_media":0,"parent":0,"menu_order":0,"comment_status":"closed","ping_status":"closed","template":"","meta":{"_uag_custom_page_level_css":"","site-sidebar-layout":"default","site-content-layout":"","ast-site-content-layout":"default","site-content-style":"default","site-sidebar-style":"default","ast-global-header-display":"","ast-banner-title-visibility":"","ast-main-header-display":"","ast-hfb-above-header-display":"","ast-hfb-below-header-display":"","ast-hfb-mobile-header-display":"","site-post-title":"","ast-breadcrumbs-content":"","ast-featured-img":"","footer-sml-layout":"","ast-disable-related-posts":"","theme-transparent-header-meta":"","adv-header-id-meta":"","stick-header-meta":"","header-above-stick-meta":"","header-main-stick-meta":"","header-below-stick-meta":"","astra-migrate-meta-layouts":"default","ast-page-background-enabled":"default","ast-page-background-meta":{"desktop":{"background-color":"var(--ast-global-color-5)","background-image":"","background-repeat":"repeat","background-position":"center center","background-size":"auto","background-attachment":"scroll","background-type":"","background-media":"","overlay-type":"","overlay-color":"","overlay-opacity":"","overlay-gradient":""},"tablet":{"background-color":"","background-image":"","background-repeat":"repeat","background-position":"center center","background-size":"auto","background-attachment":"scroll","background-type":"","background-media":"","overlay-type":"","overlay-color":"","overlay-opacity":"","overlay-gradient":""},"mobile":{"background-color":"","background-image":"","background-repeat":"repeat","background-position":"center center","background-size":"auto","background-attachment":"scroll","background-type":"","background-media":"","overlay-type":"","overlay-color":"","overlay-opacity":"","overlay-gradient":""}},"ast-content-background-meta":{"desktop":{"background-color":"var(--ast-global-color-4)","background-image":"","background-repeat":"repeat","background-position":"center center","background-size":"auto","background-attachment":"scroll","background-type":"","background-media":"","overlay-type":"","overlay-color":"","overlay-opacity":"","overlay-gradient":""},"tablet":{"background-color":"var(--ast-global-color-4)","background-image":"","background-repeat":"repeat","background-position":"center center","background-size":"auto","background-attachment":"scroll","background-type":"","background-media":"","overlay-type":"","overlay-color":"","overlay-opacity":"","overlay-gradient":""},"mobile":{"background-color":"var(--ast-global-color-4)","background-image":"","background-repeat":"repeat","background-position":"center center","background-size":"auto","background-attachment":"scroll","background-type":"","background-media":"","overlay-type":"","overlay-color":"","overlay-opacity":"","overlay-gradient":""}},"_joinchat":[],"footnotes":""},"class_list":["post-12","page","type-page","status-publish","hentry"],"uagb_featured_image_src":{"full":false,"thumbnail":false,"medium":false,"medium_large":false,"large":false,"1536x1536":false,"2048x2048":false,"woocommerce_thumbnail":false,"woocommerce_single":false,"woocommerce_gallery_thumbnail":false},"uagb_author_info":{"display_name":"admin","author_link":"https:\/\/bysystems.cl\/index.php\/author\/web-bysystems\/"},"uagb_comment_info":0,"uagb_excerpt":"Pol\u00edtica de devoluciones y reembolsos DevolucionesNuestra pol\u00edtica para devoluciones dura 10 d\u00edas. Si han pasado 10 d\u00edas desde su compra, [&hellip;]","jetpack_sharing_enabled":true,"_links":{"self":[{"href":"https:\/\/bysystems.cl\/index.php\/wp-json\/wp\/v2\/pages\/12","targetHints":{"allow":["GET"]}}],"collection":[{"href":"https:\/\/bysystems.cl\/index.php\/wp-json\/wp\/v2\/pages"}],"about":[{"href":"https:\/\/bysystems.cl\/index.php\/wp-json\/wp\/v2\/types\/page"}],"author":[{"embeddable":true,"href":"https:\/\/bysystems.cl\/index.php\/wp-json\/wp\/v2\/users\/1"}],"replies":[{"embeddable":true,"href":"https:\/\/bysystems.cl\/index.php\/wp-json\/wp\/v2\/comments?post=12"}],"version-history":[{"count":5,"href":"https:\/\/bysystems.cl\/index.php\/wp-json\/wp\/v2\/pages\/12\/revisions"}],"predecessor-version":[{"id":1016,"href":"https:\/\/bysystems.cl\/index.php\/wp-json\/wp\/v2\/pages\/12\/revisions\/1016"}],"wp:attachment":[{"href":"https:\/\/bysystems.cl\/index.php\/wp-json\/wp\/v2\/media?parent=12"}],"curies":[{"name":"wp","href":"https:\/\/api.w.org\/{rel}","templated":true}]}}