{"id":64,"date":"2025-01-28T22:35:31","date_gmt":"2025-01-28T22:35:31","guid":{"rendered":"https:\/\/bysystems.cl\/?page_id=64"},"modified":"2025-07-10T04:02:26","modified_gmt":"2025-07-10T04:02:26","slug":"como-comprar-en-el-sitio-web-de-bysystem-spa","status":"publish","type":"page","link":"https:\/\/bysystems.cl\/index.php\/como-comprar-en-el-sitio-web-de-bysystem-spa\/","title":{"rendered":"C\u00f3mo comprar en bysystems"},"content":{"rendered":"\n<h2 class=\"wp-block-heading\">C\u00f3mo comprar en bysystems.cl<\/h2>\n\n\n\n<p><strong>LEA CUIDADOSAMENTE LOS SIGUIENTES T\u00c9RMINOS Y CONDICIONES.<\/strong><\/p>\n\n\n\n<ol class=\"wp-block-list\">\n<li>El hecho de comprar productos en BY SYSTEMS SpA, implica que el Cliente conoce y acepta el procedimiento aqu\u00ed descrito.<\/li>\n\n\n\n<li>Debes enviar los datos de Raz\u00f3n social, Rut, Giro y direcci\u00f3n, etc. para la emisi\u00f3n de su factura.<\/li>\n\n\n\n<li>Debes enviar los datos de Personales, Rut, Giro y direcci\u00f3n, etc. para la emisi\u00f3n de su Boleta.<\/li>\n\n\n\n<li>Realizamos solamente despacho por pagar a domicilio o sucursales, por chilexpress a todo Chile.<\/li>\n\n\n\n<li>El proceso de cotizaci\u00f3n es v\u00eda correo electr\u00f3nico ventas@bysystems.cl. o con un ejecutivo comercial, No poseemos un fono de ventas.<\/li>\n\n\n\n<li>Es responsabilidad del cliente verificar la correcci\u00f3n de las transferencias que efect\u00fae. No recibimos pagos por webpay.<\/li>\n\n\n\n<li>Para el caso de un error, deber\u00e1 efectuar reclamo dentro de las 48 horas h\u00e1biles siguientes. Fuera de ese plazo no se dar\u00e1 curso a ninguna solicitud.<\/li>\n\n\n\n<li>En caso de requerir post venta, favor de visitar el <a href=\"https:\/\/bysystems.cl\/index.php\/reembolso_devoluciones\/\" data-type=\"link\" data-id=\"https:\/\/bysystems.cl\/index.php\/reembolso_devoluciones\/\">siguiente link<\/a><\/li>\n<\/ol>\n\n\n\n<p><\/p>\n","protected":false},"excerpt":{"rendered":"<p>C\u00f3mo comprar en bysystems.cl LEA CUIDADOSAMENTE LOS SIGUIENTES T\u00c9RMINOS Y CONDICIONES.<\/p>\n","protected":false},"author":1,"featured_media":0,"parent":0,"menu_order":0,"comment_status":"closed","ping_status":"closed","template":"","meta":{"_uag_custom_page_level_css":"","site-sidebar-layout":"default","site-content-layout":"","ast-site-content-layout":"default","site-content-style":"default","site-sidebar-style":"default","ast-global-header-display":"","ast-banner-title-visibility":"","ast-main-header-display":"","ast-hfb-above-header-display":"","ast-hfb-below-header-display":"","ast-hfb-mobile-header-display":"","site-post-title":"","ast-breadcrumbs-content":"","ast-featured-img":"","footer-sml-layout":"","ast-disable-related-posts":"","theme-transparent-header-meta":"","adv-header-id-meta":"","stick-header-meta":"","header-above-stick-meta":"","header-main-stick-meta":"","header-below-stick-meta":"","astra-migrate-meta-layouts":"default","ast-page-background-enabled":"default","ast-page-background-meta":{"desktop":{"background-color":"var(--ast-global-color-5)","background-image":"","background-repeat":"repeat","background-position":"center center","background-size":"auto","background-attachment":"scroll","background-type":"","background-media":"","overlay-type":"","overlay-color":"","overlay-opacity":"","overlay-gradient":""},"tablet":{"background-color":"","background-image":"","background-repeat":"repeat","background-position":"center center","background-size":"auto","background-attachment":"scroll","background-type":"","background-media":"","overlay-type":"","overlay-color":"","overlay-opacity":"","overlay-gradient":""},"mobile":{"background-color":"","background-image":"","background-repeat":"repeat","background-position":"center center","background-size":"auto","background-attachment":"scroll","background-type":"","background-media":"","overlay-type":"","overlay-color":"","overlay-opacity":"","overlay-gradient":""}},"ast-content-background-meta":{"desktop":{"background-color":"var(--ast-global-color-4)","background-image":"","background-repeat":"repeat","background-position":"center center","background-size":"auto","background-attachment":"scroll","background-type":"","background-media":"","overlay-type":"","overlay-color":"","overlay-opacity":"","overlay-gradient":""},"tablet":{"background-color":"var(--ast-global-color-4)","background-image":"","background-repeat":"repeat","background-position":"center center","background-size":"auto","background-attachment":"scroll","background-type":"","background-media":"","overlay-type":"","overlay-color":"","overlay-opacity":"","overlay-gradient":""},"mobile":{"background-color":"var(--ast-global-color-4)","background-image":"","background-repeat":"repeat","background-position":"center center","background-size":"auto","background-attachment":"scroll","background-type":"","background-media":"","overlay-type":"","overlay-color":"","overlay-opacity":"","overlay-gradient":""}},"_joinchat":[],"footnotes":""},"class_list":["post-64","page","type-page","status-publish","hentry"],"uagb_featured_image_src":{"full":false,"thumbnail":false,"medium":false,"medium_large":false,"large":false,"1536x1536":false,"2048x2048":false,"woocommerce_thumbnail":false,"woocommerce_single":false,"woocommerce_gallery_thumbnail":false},"uagb_author_info":{"display_name":"admin","author_link":"https:\/\/bysystems.cl\/index.php\/author\/web-bysystems\/"},"uagb_comment_info":0,"uagb_excerpt":"C\u00f3mo comprar en bysystems.cl LEA CUIDADOSAMENTE LOS SIGUIENTES T\u00c9RMINOS Y CONDICIONES.","jetpack_sharing_enabled":true,"_links":{"self":[{"href":"https:\/\/bysystems.cl\/index.php\/wp-json\/wp\/v2\/pages\/64","targetHints":{"allow":["GET"]}}],"collection":[{"href":"https:\/\/bysystems.cl\/index.php\/wp-json\/wp\/v2\/pages"}],"about":[{"href":"https:\/\/bysystems.cl\/index.php\/wp-json\/wp\/v2\/types\/page"}],"author":[{"embeddable":true,"href":"https:\/\/bysystems.cl\/index.php\/wp-json\/wp\/v2\/users\/1"}],"replies":[{"embeddable":true,"href":"https:\/\/bysystems.cl\/index.php\/wp-json\/wp\/v2\/comments?post=64"}],"version-history":[{"count":5,"href":"https:\/\/bysystems.cl\/index.php\/wp-json\/wp\/v2\/pages\/64\/revisions"}],"predecessor-version":[{"id":1235,"href":"https:\/\/bysystems.cl\/index.php\/wp-json\/wp\/v2\/pages\/64\/revisions\/1235"}],"wp:attachment":[{"href":"https:\/\/bysystems.cl\/index.php\/wp-json\/wp\/v2\/media?parent=64"}],"curies":[{"name":"wp","href":"https:\/\/api.w.org\/{rel}","templated":true}]}}